{"id":110,"date":"2015-11-27T17:59:19","date_gmt":"2015-11-27T17:59:19","guid":{"rendered":"http:\/\/export-xml.qreativethemes.com\/physio\/?page_id=110"},"modified":"2021-03-27T19:23:10","modified_gmt":"2021-03-27T18:23:10","slug":"services","status":"publish","type":"page","link":"https:\/\/www.physioandcs.be\/index.php\/services\/","title":{"rendered":"Services"},"content":{"rendered":"<div id=\"pl-110\"  class=\"panel-layout\" ><div id=\"pg-110-0\"  class=\"panel-grid panel-no-style\" ><div id=\"pgc-110-0-0\"  class=\"panel-grid-cell\" ><div id=\"panel-110-0-0-0\" class=\"so-panel widget widget_qt_feature_page widget-featured-page panel-first-child panel-last-child\" data-index=\"0\" >\n\t\t\t<div class=\"featured-page\">\n\t\t\t\t\t\t\t\t\t<div class=\"featured-page--image\">\n\t\t\t\t\t\t<a href=\"https:\/\/www.physioandcs.be\/index.php\/services\/physical-therapy\/\">\n\t\t\t\t\t\t\t<img src=\"https:\/\/www.physioandcs.be\/wp-content\/uploads\/2021\/03\/image-soins-360x240.jpg\" width=\"360\" height=\"240\" srcset=\"https:\/\/www.physioandcs.be\/wp-content\/uploads\/2021\/03\/image-soins-360x240.jpg 360w, https:\/\/www.physioandcs.be\/wp-content\/uploads\/2021\/03\/image-soins-850x567.jpg 850w\" sizes=\"(min-width: 781px) 360px, calc(100vw - 30px)\" alt=\"Kin\u00e9sith\u00e9rapie\">\n\t\t\t\t\t\t\t<div class=\"featured-page--overlay\">\n\t\t\t\t\t\t\t\t\t\t\t\t\t\t\t\t\t<div class=\"overlay--center\">\n\t\t\t\t\t\t\t\t\t\t<span>Lire plus<\/span>\n\t\t\t\t\t\t\t\t\t<\/div>\n\t\t\t\t\t\t\t\t\t\t\t\t\t\t\t<\/div>\n\t\t\t\t\t\t<\/a>\n\t\t\t\t\t<\/div>\n\t\t\t\t\t\t\t\t<div class=\"featured-page--content\">\n\t\t\t\t\t<h4 class=\"featued-page--title\">\n\t\t\t\t\t\t<a href=\"https:\/\/www.physioandcs.be\/index.php\/services\/physical-therapy\/\">Kin\u00e9sith\u00e9rapie<\/a>\n\t\t\t\t\t<\/h4>\n\t\t\t\t\t\t\t\t\t\t\t<p>Un bon suivi pour votre r\u00e9\u00e9ducation ou vos soins est extr\u00eamement important. C\u2019est ensemble patient et th\u00e9rapeute que le travail doit se faire...<\/p>\n\t\t\t\t\t\t\t\t\t\t\t\t\t<a href=\"https:\/\/www.physioandcs.be\/index.php\/services\/physical-therapy\/\" class=\"text-link\">Lire plus<\/a>\n\t\t\t\t\t\t\t\t\t\t\t\t\t\t\t<\/div>\n\t\t\t<\/div>\n\n\t\t\t<\/div><\/div><div id=\"pgc-110-0-1\"  class=\"panel-grid-cell panel-grid-cell-empty\" ><\/div><div id=\"pgc-110-0-2\"  class=\"panel-grid-cell\" ><div id=\"panel-110-0-2-0\" class=\"so-panel widget widget_qt_feature_page widget-featured-page panel-first-child panel-last-child\" data-index=\"1\" >\n\t\t\t<div class=\"featured-page\">\n\t\t\t\t\t\t\t\t\t<div class=\"featured-page--image\">\n\t\t\t\t\t\t<a href=\"https:\/\/www.physioandcs.be\/index.php\/services\/coaching\/\">\n\t\t\t\t\t\t\t<img src=\"https:\/\/www.physioandcs.be\/wp-content\/uploads\/2020\/10\/tempImageyvHaxx-scaled-e1603895651100-360x240.jpg\" width=\"360\" height=\"240\" srcset=\"https:\/\/www.physioandcs.be\/wp-content\/uploads\/2020\/10\/tempImageyvHaxx-scaled-e1603895651100-360x240.jpg 360w, https:\/\/www.physioandcs.be\/wp-content\/uploads\/2020\/10\/tempImageyvHaxx-scaled-e1603895651100-850x567.jpg 850w\" sizes=\"(min-width: 781px) 360px, calc(100vw - 30px)\" alt=\"Coaching\">\n\t\t\t\t\t\t\t<div class=\"featured-page--overlay\">\n\t\t\t\t\t\t\t\t\t\t\t\t\t\t\t\t\t<div class=\"overlay--center\">\n\t\t\t\t\t\t\t\t\t\t<span>Lire plus<\/span>\n\t\t\t\t\t\t\t\t\t<\/div>\n\t\t\t\t\t\t\t\t\t\t\t\t\t\t\t<\/div>\n\t\t\t\t\t\t<\/a>\n\t\t\t\t\t<\/div>\n\t\t\t\t\t\t\t\t<div class=\"featured-page--content\">\n\t\t\t\t\t<h4 class=\"featued-page--title\">\n\t\t\t\t\t\t<a href=\"https:\/\/www.physioandcs.be\/index.php\/services\/coaching\/\">Coaching<\/a>\n\t\t\t\t\t<\/h4>\n\t\t\t\t\t\t\t\t\t\t\t<p>Mon exp\u00e9rience d\u2019athl\u00e8te, d\u2019entra\u00eeneur et enfin de joueuse de rugby m\u2019a permis de d\u00e9velopper un \u0153il aiguis\u00e9 en coaching...<\/p>\n\t\t\t\t\t\t\t\t\t\t\t\t\t<a href=\"https:\/\/www.physioandcs.be\/index.php\/services\/coaching\/\" class=\"text-link\">Lire plus<\/a>\n\t\t\t\t\t\t\t\t\t\t\t\t\t\t\t<\/div>\n\t\t\t<\/div>\n\n\t\t\t<\/div><\/div><\/div><div id=\"pg-110-1\"  class=\"panel-grid panel-no-style\" ><div id=\"pgc-110-1-0\"  class=\"panel-grid-cell panel-grid-cell-empty\" ><\/div><div id=\"pgc-110-1-1\"  class=\"panel-grid-cell panel-grid-cell-mobile-last\" ><div id=\"panel-110-1-1-0\" class=\"so-panel widget widget_qt_feature_page widget-featured-page panel-first-child panel-last-child\" data-index=\"2\" >\n\t\t\t<div class=\"featured-page\">\n\t\t\t\t\t\t\t\t\t<div class=\"featured-page--image\">\n\t\t\t\t\t\t<a href=\"https:\/\/www.physioandcs.be\/index.php\/services\/bien-etre\/\">\n\t\t\t\t\t\t\t<img src=\"https:\/\/www.physioandcs.be\/wp-content\/uploads\/2021\/03\/Zen-360x240.jpg\" width=\"360\" height=\"240\" srcset=\"https:\/\/www.physioandcs.be\/wp-content\/uploads\/2021\/03\/Zen-360x240.jpg 360w, https:\/\/www.physioandcs.be\/wp-content\/uploads\/2021\/03\/Zen-850x567.jpg 850w\" sizes=\"(min-width: 781px) 360px, calc(100vw - 30px)\" alt=\"Bien-\u00eatre\">\n\t\t\t\t\t\t\t<div class=\"featured-page--overlay\">\n\t\t\t\t\t\t\t\t\t\t\t\t\t\t\t\t\t<div class=\"overlay--center\">\n\t\t\t\t\t\t\t\t\t\t<span>Lire plus<\/span>\n\t\t\t\t\t\t\t\t\t<\/div>\n\t\t\t\t\t\t\t\t\t\t\t\t\t\t\t<\/div>\n\t\t\t\t\t\t<\/a>\n\t\t\t\t\t<\/div>\n\t\t\t\t\t\t\t\t<div class=\"featured-page--content\">\n\t\t\t\t\t<h4 class=\"featued-page--title\">\n\t\t\t\t\t\t<a href=\"https:\/\/www.physioandcs.be\/index.php\/services\/bien-etre\/\">Bien-\u00eatre<\/a>\n\t\t\t\t\t<\/h4>\n\t\t\t\t\t\t\t\t\t\t\t<p>La vie de tous les jours peut parfois \u00eatre \u00e9prouvante pour notre corps, il est donc n\u00e9cessaire de pouvoir se cr\u00e9er des bulles de bien-\u00eatre. Massage relaxant, massage tonifiant,...<\/p>\n\t\t\t\t\t\t\t\t\t\t\t\t\t<a href=\"https:\/\/www.physioandcs.be\/index.php\/services\/bien-etre\/\" class=\"text-link\">Lire plus<\/a>\n\t\t\t\t\t\t\t\t\t\t\t\t\t\t\t<\/div>\n\t\t\t<\/div>\n\n\t\t\t<\/div><\/div><div id=\"pgc-110-1-2\"  class=\"panel-grid-cell panel-grid-cell-empty\" ><\/div><\/div><\/div>","protected":false},"excerpt":{"rendered":"<p>Lire plus Kin\u00e9sith\u00e9rapie Un bon suivi pour votre r\u00e9\u00e9ducation ou vos soins est extr\u00eamement important. C\u2019est ensemble patient et th\u00e9rapeute que le travail doit se faire&#8230; Lire plus Lire plus Coaching Mon exp\u00e9rience d\u2019athl\u00e8te, d\u2019entra\u00eeneur et enfin de joueuse de rugby m\u2019a permis de d\u00e9velopper un \u0153il aiguis\u00e9 en coaching&#8230; Lire plus Lire plus Bien-\u00eatre [&hellip;]<\/p>\n","protected":false},"author":1,"featured_media":0,"parent":0,"menu_order":0,"comment_status":"closed","ping_status":"closed","template":"","meta":{"_mi_skip_tracking":false,"_monsterinsights_sitenote_active":false,"_monsterinsights_sitenote_note":"","_monsterinsights_sitenote_category":0,"footnotes":""},"aioseo_notices":[],"_links":{"self":[{"href":"https:\/\/www.physioandcs.be\/index.php\/wp-json\/wp\/v2\/pages\/110"}],"collection":[{"href":"https:\/\/www.physioandcs.be\/index.php\/wp-json\/wp\/v2\/pages"}],"about":[{"href":"https:\/\/www.physioandcs.be\/index.php\/wp-json\/wp\/v2\/types\/page"}],"author":[{"embeddable":true,"href":"https:\/\/www.physioandcs.be\/index.php\/wp-json\/wp\/v2\/users\/1"}],"replies":[{"embeddable":true,"href":"https:\/\/www.physioandcs.be\/index.php\/wp-json\/wp\/v2\/comments?post=110"}],"version-history":[{"count":7,"href":"https:\/\/www.physioandcs.be\/index.php\/wp-json\/wp\/v2\/pages\/110\/revisions"}],"predecessor-version":[{"id":8045,"href":"https:\/\/www.physioandcs.be\/index.php\/wp-json\/wp\/v2\/pages\/110\/revisions\/8045"}],"wp:attachment":[{"href":"https:\/\/www.physioandcs.be\/index.php\/wp-json\/wp\/v2\/media?parent=110"}],"curies":[{"name":"wp","href":"https:\/\/api.w.org\/{rel}","templated":true}]}}