{"id":2496,"date":"2015-12-10T15:58:33","date_gmt":"2015-12-10T15:58:33","guid":{"rendered":"http:\/\/export-xml.qreativethemes.com\/physio\/?page_id=2496"},"modified":"2021-03-29T22:35:44","modified_gmt":"2021-03-29T20:35:44","slug":"a-domicile","status":"publish","type":"page","link":"https:\/\/www.physioandcs.be\/index.php\/a-domicile\/","title":{"rendered":"A Domicile"},"content":{"rendered":"<div id=\"pl-2496\"  class=\"panel-layout\" ><div id=\"pg-2496-0\"  class=\"panel-grid panel-no-style\" ><div id=\"pgc-2496-0-0\"  class=\"panel-grid-cell\" ><div id=\"panel-2496-0-0-0\" class=\"so-panel widget widget_sow-editor panel-first-child panel-last-child\" data-index=\"0\" ><div class=\"featured-box panel-widget-style panel-widget-style-for-2496-0-0-0\" ><div\n\t\t\t\n\t\t\tclass=\"so-widget-sow-editor so-widget-sow-editor-base\"\n\t\t\t\n\t\t>\n<div class=\"siteorigin-widget-tinymce textwidget\">\n\t<p><strong>Domiciles sur Braine-l'Alleud - Waterloo - Lasnes<\/strong><\/p>\n<hr \/>\n<p><strong>T\u00e9l\u00e9phone<br \/>\n<\/strong>+ 32 478 38 16 46<\/p>\n<hr \/>\n<p><strong>Email<br \/>\n<\/strong>shaena.guisse@mimaandcs.be<\/p>\n<\/div>\n<\/div><\/div><\/div><\/div><div id=\"pgc-2496-0-1\"  class=\"panel-grid-cell\" ><div id=\"panel-2496-0-1-0\" class=\"so-panel widget widget_text panel-first-child panel-last-child\" data-index=\"1\" >\t\t\t<div class=\"textwidget\"><p>J&#8217;effectue des domiciles sur Braine-l&#8217;Alleud, Waterloo, Lasne.<\/p>\n<p>Pour prendre rendez-vous veuillez me contacter par t\u00e9l\u00e9phone.<\/p>\n<\/div>\n\t\t<\/div><\/div><\/div><div id=\"pg-2496-1\"  class=\"panel-grid panel-no-style\" ><div id=\"pgc-2496-1-0\"  class=\"panel-grid-cell\" ><div id=\"panel-2496-1-0-0\" class=\"so-panel widget widget_text panel-first-child panel-last-child\" data-index=\"2\" ><h3 class=\"widget-title\">Kin\u00e9sith\u00e9rapeute<\/h3>\t\t\t<div class=\"textwidget\"><\/div>\n\t\t<\/div><\/div><\/div><div id=\"pg-2496-2\"  class=\"panel-grid panel-no-style\" ><div id=\"pgc-2496-2-0\"  class=\"panel-grid-cell\" ><div id=\"panel-2496-2-0-0\" class=\"so-panel widget widget_qt_team_member widget-team-member panel-first-child panel-last-child\" data-index=\"3\" >\n\t\t\t<div class=\"team-member\">\n\t\t\t\t\t\t\t\t\t<div class=\"team-member--image\">\n\t\t\t\t\t\t<img src=\"http:\/\/www.physioandcs.be\/wp-content\/uploads\/2020\/01\/Shaena-scaled.jpg\" alt=\"Shaena Guisse\">\n\t\t\t\t\t\t<div class=\"team-member--social\">\n\t\t\t\t\t\t\t<div class=\"overlay--center\">\n\t\t\t\t\t\t\t\t\t\t\t\t\t\t\t\t\t<a href=\"#\" ><i class=\"fab fa-facebook-f\"><\/i><\/a>\n\t\t\t\t\t\t\t\t\t\t\t\t\t\t\t\t\t\t\t\t\t\t\t\t\t<a href=\"#\" ><i class=\"fab fa-twitter\"><\/i><\/a>\n\t\t\t\t\t\t\t\t\t\t\t\t\t\t\t\t\t\t\t\t\t\t\t\t\t<a href=\"#\" ><i class=\"fab fa-linkedin\"><\/i><\/a>\n\t\t\t\t\t\t\t\t\t\t\t\t\t\t\t\t\t\t\t\t\t\t\t\t\t\t\t\t\t\t\t\t\t<a href=\"mailto:\"><i class=\"fas fa-envelope\"><\/i><\/a>\n\t\t\t\t\t\t\t\t\t\t\t\t\t\t\t<\/div>\n\t\t\t\t\t\t<\/div>\n\t\t\t\t\t<\/div>\n\t\t\t\t\t\t\t\t<div class=\"team-member--content\">\n\t\t\t\t\t<h4 class=\"team-member--name\">\n\t\t\t\t\t\t\t\t\t\t\t\tShaena Guisse\t\t\t\t\t\t\t\t\t\t\t<\/h4>\n\t\t\t\t\t\t\t\t\t\t\t<span class=\"team-member--tag\">kin\u00e9sith\u00e9rapeute<\/span>\n\t\t\t\t\t\t\t\t\t\t\t\t\t\t\t\t<p class=\"team-member--description\">Dipl\u00f4m\u00e9e en kin\u00e9sith\u00e9rapie<\/p>\n\t\t\t\t\t\t\t\t\t\t\t\t\t\t<\/div>\n\t\t\t<\/div>\n\n\t\t\t<\/div><\/div><div id=\"pgc-2496-2-1\"  class=\"panel-grid-cell\" ><div id=\"panel-2496-2-1-0\" class=\"so-panel widget widget_qt_google_map_iframe widget-google-map-iframe panel-first-child\" data-index=\"4\" >\n\t    \t<div class=\"qt-map-iframe\">\n\t\t\t\t<iframe frameborder=\"0\" src=\"https:\/\/maps.google.com\/maps?f=q&source=s_q&hl=en&geocode=&q=Braine-l&#039;Alleud&z=11&output=embed\" width=\"100%\" height=\"427px;\"><\/iframe>\n\t\t\t<\/div>\n\t\t\t\t\n\t\t\t<\/div><div id=\"panel-2496-2-1-1\" class=\"so-panel widget widget_qt_google_map_iframe widget-google-map-iframe panel-last-child\" data-index=\"5\" >\n\t    \t<div class=\"qt-map-iframe\">\n\t\t\t\t<iframe frameborder=\"0\" src=\"https:\/\/maps.google.com\/maps?f=q&source=s_q&hl=en&geocode=&q=Lasne&z=11&output=embed\" width=\"100%\" height=\"427px;\"><\/iframe>\n\t\t\t<\/div>\n\t\t\t\t\n\t\t\t<\/div><\/div><div id=\"pgc-2496-2-2\"  class=\"panel-grid-cell\" ><div id=\"panel-2496-2-2-0\" class=\"so-panel widget widget_qt_google_map_iframe widget-google-map-iframe panel-first-child panel-last-child\" data-index=\"6\" >\n\t    \t<div class=\"qt-map-iframe\">\n\t\t\t\t<iframe frameborder=\"0\" src=\"https:\/\/maps.google.com\/maps?f=q&source=s_q&hl=en&geocode=&q=Waterloo&z=11&output=embed\" width=\"100%\" height=\"427px;\"><\/iframe>\n\t\t\t<\/div>\n\t\t\t\t\n\t\t\t<\/div><\/div><\/div><\/div>","protected":false},"excerpt":{"rendered":"<p>Domiciles sur Braine-l&#8217;Alleud &#8211; Waterloo &#8211; Lasnes T\u00e9l\u00e9phone + 32 478 38 16 46 Email shaena.guisse@mimaandcs.be J&#8217;effectue des domiciles sur Braine-l&#8217;Alleud, Waterloo, Lasne. Pour prendre rendez-vous veuillez me contacter par t\u00e9l\u00e9phone.<\/p>\n","protected":false},"author":1,"featured_media":0,"parent":0,"menu_order":0,"comment_status":"closed","ping_status":"closed","template":"","meta":{"_mi_skip_tracking":false,"_monsterinsights_sitenote_active":false,"_monsterinsights_sitenote_note":"","_monsterinsights_sitenote_category":0,"footnotes":""},"aioseo_notices":[],"_links":{"self":[{"href":"https:\/\/www.physioandcs.be\/index.php\/wp-json\/wp\/v2\/pages\/2496"}],"collection":[{"href":"https:\/\/www.physioandcs.be\/index.php\/wp-json\/wp\/v2\/pages"}],"about":[{"href":"https:\/\/www.physioandcs.be\/index.php\/wp-json\/wp\/v2\/types\/page"}],"author":[{"embeddable":true,"href":"https:\/\/www.physioandcs.be\/index.php\/wp-json\/wp\/v2\/users\/1"}],"replies":[{"embeddable":true,"href":"https:\/\/www.physioandcs.be\/index.php\/wp-json\/wp\/v2\/comments?post=2496"}],"version-history":[{"count":29,"href":"https:\/\/www.physioandcs.be\/index.php\/wp-json\/wp\/v2\/pages\/2496\/revisions"}],"predecessor-version":[{"id":8149,"href":"https:\/\/www.physioandcs.be\/index.php\/wp-json\/wp\/v2\/pages\/2496\/revisions\/8149"}],"wp:attachment":[{"href":"https:\/\/www.physioandcs.be\/index.php\/wp-json\/wp\/v2\/media?parent=2496"}],"curies":[{"name":"wp","href":"https:\/\/api.w.org\/{rel}","templated":true}]}}