{"id":307,"date":"2015-12-03T23:30:13","date_gmt":"2015-12-03T23:30:13","guid":{"rendered":"http:\/\/export-xml.qreativethemes.com\/physio\/?page_id=307"},"modified":"2021-03-28T19:33:15","modified_gmt":"2021-03-28T17:33:15","slug":"physical-therapy","status":"publish","type":"page","link":"https:\/\/www.physioandcs.be\/index.php\/services\/physical-therapy\/","title":{"rendered":"Kin\u00e9sith\u00e9rapie"},"content":{"rendered":"<div id=\"pl-307\"  class=\"panel-layout\" ><div id=\"pg-307-0\"  class=\"panel-grid panel-no-style\" ><div id=\"pgc-307-0-0\"  class=\"panel-grid-cell\" ><div id=\"panel-307-0-0-0\" class=\"so-panel widget widget_sow-image panel-first-child panel-last-child\" data-index=\"0\" ><div\n\t\t\t\n\t\t\tclass=\"so-widget-sow-image so-widget-sow-image-default-8b5b6f678277-307\"\n\t\t\t\n\t\t>\n\n<div class=\"sow-image-container\">\n\t\t<img src=\"https:\/\/www.physioandcs.be\/wp-content\/uploads\/2021\/03\/image-soins.jpg\" width=\"850\" height=\"567\" srcset=\"https:\/\/www.physioandcs.be\/wp-content\/uploads\/2021\/03\/image-soins.jpg 850w, https:\/\/www.physioandcs.be\/wp-content\/uploads\/2021\/03\/image-soins-300x200.jpg 300w, https:\/\/www.physioandcs.be\/wp-content\/uploads\/2021\/03\/image-soins-768x512.jpg 768w, https:\/\/www.physioandcs.be\/wp-content\/uploads\/2021\/03\/image-soins-360x240.jpg 360w, https:\/\/www.physioandcs.be\/wp-content\/uploads\/2021\/03\/image-soins-600x400.jpg 600w, https:\/\/www.physioandcs.be\/wp-content\/uploads\/2021\/03\/image-soins-272x182.jpg 272w\" sizes=\"(max-width: 850px) 100vw, 850px\" alt=\"\" loading=\"lazy\" \t\tclass=\"so-widget-image\"\/>\n\t<\/div>\n\n<\/div><\/div><\/div><div id=\"pgc-307-0-1\"  class=\"panel-grid-cell\" ><div id=\"panel-307-0-1-0\" class=\"so-panel widget widget_sow-editor panel-first-child panel-last-child\" data-index=\"1\" ><div\n\t\t\t\n\t\t\tclass=\"so-widget-sow-editor so-widget-sow-editor-base\"\n\t\t\t\n\t\t>\n<div class=\"siteorigin-widget-tinymce textwidget\">\n\t<p>Un bon suivi pour votre r\u00e9\u00e9ducation ou vos soins est extr\u00eamement important. C\u2019est ensemble patient et th\u00e9rapeute que le travail doit se faire. Il me tient \u00e0 c\u0153ur de travailler en parfaite collaboration avec mes patients pour que leur suivi soit le meilleur. Dipl\u00f4m\u00e9e en kin\u00e9sith\u00e9rapie, j\u2019ai la connaissance n\u00e9cessaire pour que vos soins soient r\u00e9alis\u00e9s de mani\u00e8re professionnelle.<\/p>\n<\/div>\n<\/div><\/div><\/div><\/div><\/div>","protected":false},"excerpt":{"rendered":"<p>Un bon suivi pour votre r\u00e9\u00e9ducation ou vos soins est extr\u00eamement important. C\u2019est ensemble patient et th\u00e9rapeute que le travail doit se faire&#8230;<\/p>\n","protected":false},"author":1,"featured_media":8074,"parent":110,"menu_order":0,"comment_status":"closed","ping_status":"closed","template":"","meta":{"_mi_skip_tracking":false,"_monsterinsights_sitenote_active":false,"_monsterinsights_sitenote_note":"","_monsterinsights_sitenote_category":0,"footnotes":""},"aioseo_notices":[],"_links":{"self":[{"href":"https:\/\/www.physioandcs.be\/index.php\/wp-json\/wp\/v2\/pages\/307"}],"collection":[{"href":"https:\/\/www.physioandcs.be\/index.php\/wp-json\/wp\/v2\/pages"}],"about":[{"href":"https:\/\/www.physioandcs.be\/index.php\/wp-json\/wp\/v2\/types\/page"}],"author":[{"embeddable":true,"href":"https:\/\/www.physioandcs.be\/index.php\/wp-json\/wp\/v2\/users\/1"}],"replies":[{"embeddable":true,"href":"https:\/\/www.physioandcs.be\/index.php\/wp-json\/wp\/v2\/comments?post=307"}],"version-history":[{"count":8,"href":"https:\/\/www.physioandcs.be\/index.php\/wp-json\/wp\/v2\/pages\/307\/revisions"}],"predecessor-version":[{"id":8077,"href":"https:\/\/www.physioandcs.be\/index.php\/wp-json\/wp\/v2\/pages\/307\/revisions\/8077"}],"up":[{"embeddable":true,"href":"https:\/\/www.physioandcs.be\/index.php\/wp-json\/wp\/v2\/pages\/110"}],"wp:featuredmedia":[{"embeddable":true,"href":"https:\/\/www.physioandcs.be\/index.php\/wp-json\/wp\/v2\/media\/8074"}],"wp:attachment":[{"href":"https:\/\/www.physioandcs.be\/index.php\/wp-json\/wp\/v2\/media?parent=307"}],"curies":[{"name":"wp","href":"https:\/\/api.w.org\/{rel}","templated":true}]}}