{"id":55,"date":"2015-11-25T22:45:50","date_gmt":"2015-11-25T22:45:50","guid":{"rendered":"http:\/\/export-xml.qreativethemes.com\/physio\/?page_id=55"},"modified":"2023-02-03T11:25:42","modified_gmt":"2023-02-03T10:25:42","slug":"home-2","status":"publish","type":"page","link":"https:\/\/www.physioandcs.be\/","title":{"rendered":"Accueil"},"content":{"rendered":"<div id=\"pl-55\"  class=\"panel-layout\" ><div id=\"pg-55-0\"  class=\"panel-grid panel-no-style\" ><div id=\"pgc-55-0-0\"  class=\"panel-grid-cell\" ><\/div><\/div><div id=\"pg-55-1\"  class=\"panel-grid panel-no-style\" ><div id=\"pgc-55-1-0\"  class=\"panel-grid-cell\" ><div id=\"panel-55-1-0-0\" class=\"so-panel widget widget_sow-editor panel-first-child panel-last-child\" data-index=\"1\" ><div\n\t\t\t\n\t\t\tclass=\"so-widget-sow-editor so-widget-sow-editor-base\"\n\t\t\t\n\t\t><h3 class=\"widget-title\">Plusieurs disciplines<\/h3>\n<div class=\"siteorigin-widget-tinymce textwidget\">\n\t<p>Kin\u00e9sith\u00e9rapie, Coaching, bien-\u00eatre<\/p>\n<p><a href=\"\/index.php\/shop\/\"><a href=\"\/index.php\/services\/\" target=\"_self\" class=\"btn btn-primary\" >Voir tous les services<\/a><\/a><\/p>\n<\/div>\n<\/div><\/div><\/div><div id=\"pgc-55-1-1\"  class=\"panel-grid-cell\" ><div id=\"panel-55-1-1-0\" class=\"so-panel widget widget_qt_feature_page widget-featured-page panel-first-child panel-last-child\" data-index=\"2\" >\n\t\t\t<div class=\"featured-page\">\n\t\t\t\t\t\t\t\t\t<div class=\"featured-page--image\">\n\t\t\t\t\t\t<a href=\"https:\/\/www.physioandcs.be\/index.php\/services\/physical-therapy\/\">\n\t\t\t\t\t\t\t<img src=\"https:\/\/www.physioandcs.be\/wp-content\/uploads\/2021\/03\/image-soins-360x240.jpg\" width=\"360\" height=\"240\" srcset=\"https:\/\/www.physioandcs.be\/wp-content\/uploads\/2021\/03\/image-soins-360x240.jpg 360w, https:\/\/www.physioandcs.be\/wp-content\/uploads\/2021\/03\/image-soins-850x567.jpg 850w\" sizes=\"(min-width: 781px) 360px, calc(100vw - 30px)\" alt=\"Kin\u00e9sith\u00e9rapie\">\n\t\t\t\t\t\t\t<div class=\"featured-page--overlay\">\n\t\t\t\t\t\t\t\t\t\t\t\t\t\t\t\t\t<div class=\"overlay--center\">\n\t\t\t\t\t\t\t\t\t\t<span>Lire plus<\/span>\n\t\t\t\t\t\t\t\t\t<\/div>\n\t\t\t\t\t\t\t\t\t\t\t\t\t\t\t<\/div>\n\t\t\t\t\t\t<\/a>\n\t\t\t\t\t<\/div>\n\t\t\t\t\t\t\t\t<div class=\"featured-page--content\">\n\t\t\t\t\t<h4 class=\"featued-page--title\">\n\t\t\t\t\t\t<a href=\"https:\/\/www.physioandcs.be\/index.php\/services\/physical-therapy\/\">Kin\u00e9sith\u00e9rapie<\/a>\n\t\t\t\t\t<\/h4>\n\t\t\t\t\t\t\t\t\t\t\t<p>Un bon suivi pour votre r\u00e9\u00e9ducation ou vos soins est extr\u00eamement important. C\u2019est ensemble patient et th\u00e9rapeute que le travail doit se faire...<\/p>\n\t\t\t\t\t\t\t\t\t\t\t\t\t<a href=\"https:\/\/www.physioandcs.be\/index.php\/services\/physical-therapy\/\" class=\"text-link\">Lire plus<\/a>\n\t\t\t\t\t\t\t\t\t\t\t\t\t\t\t<\/div>\n\t\t\t<\/div>\n\n\t\t\t<\/div><\/div><div id=\"pgc-55-1-2\"  class=\"panel-grid-cell\" ><div id=\"panel-55-1-2-0\" class=\"so-panel widget widget_qt_feature_page widget-featured-page panel-first-child panel-last-child\" data-index=\"3\" >\n\t\t\t<div class=\"featured-page\">\n\t\t\t\t\t\t\t\t\t<div class=\"featured-page--image\">\n\t\t\t\t\t\t<a href=\"https:\/\/www.physioandcs.be\/index.php\/services\/coaching\/\">\n\t\t\t\t\t\t\t<img src=\"https:\/\/www.physioandcs.be\/wp-content\/uploads\/2020\/10\/tempImageyvHaxx-scaled-e1603895651100-360x240.jpg\" width=\"360\" height=\"240\" srcset=\"https:\/\/www.physioandcs.be\/wp-content\/uploads\/2020\/10\/tempImageyvHaxx-scaled-e1603895651100-360x240.jpg 360w, https:\/\/www.physioandcs.be\/wp-content\/uploads\/2020\/10\/tempImageyvHaxx-scaled-e1603895651100-850x567.jpg 850w\" sizes=\"(min-width: 781px) 360px, calc(100vw - 30px)\" alt=\"Coaching\">\n\t\t\t\t\t\t\t<div class=\"featured-page--overlay\">\n\t\t\t\t\t\t\t\t\t\t\t\t\t\t\t\t\t<div class=\"overlay--center\">\n\t\t\t\t\t\t\t\t\t\t<span>Lire plus<\/span>\n\t\t\t\t\t\t\t\t\t<\/div>\n\t\t\t\t\t\t\t\t\t\t\t\t\t\t\t<\/div>\n\t\t\t\t\t\t<\/a>\n\t\t\t\t\t<\/div>\n\t\t\t\t\t\t\t\t<div class=\"featured-page--content\">\n\t\t\t\t\t<h4 class=\"featued-page--title\">\n\t\t\t\t\t\t<a href=\"https:\/\/www.physioandcs.be\/index.php\/services\/coaching\/\">Coaching<\/a>\n\t\t\t\t\t<\/h4>\n\t\t\t\t\t\t\t\t\t\t\t<p>Mon exp\u00e9rience d\u2019athl\u00e8te, d\u2019entra\u00eeneur et enfin de joueuse de rugby m\u2019a permis de d\u00e9velopper un \u0153il aiguis\u00e9 en coaching...<\/p>\n\t\t\t\t\t\t\t\t\t\t\t\t\t<a href=\"https:\/\/www.physioandcs.be\/index.php\/services\/coaching\/\" class=\"text-link\">Lire plus<\/a>\n\t\t\t\t\t\t\t\t\t\t\t\t\t\t\t<\/div>\n\t\t\t<\/div>\n\n\t\t\t<\/div><\/div><div id=\"pgc-55-1-3\"  class=\"panel-grid-cell\" ><div id=\"panel-55-1-3-0\" class=\"so-panel widget widget_qt_feature_page widget-featured-page panel-first-child panel-last-child\" data-index=\"4\" >\n\t\t\t<div class=\"featured-page\">\n\t\t\t\t\t\t\t\t\t<div class=\"featured-page--image\">\n\t\t\t\t\t\t<a href=\"https:\/\/www.physioandcs.be\/index.php\/services\/bien-etre\/\">\n\t\t\t\t\t\t\t<img src=\"https:\/\/www.physioandcs.be\/wp-content\/uploads\/2021\/03\/Zen-360x240.jpg\" width=\"360\" height=\"240\" srcset=\"https:\/\/www.physioandcs.be\/wp-content\/uploads\/2021\/03\/Zen-360x240.jpg 360w, https:\/\/www.physioandcs.be\/wp-content\/uploads\/2021\/03\/Zen-850x567.jpg 850w\" sizes=\"(min-width: 781px) 360px, calc(100vw - 30px)\" alt=\"Bien-\u00eatre\">\n\t\t\t\t\t\t\t<div class=\"featured-page--overlay\">\n\t\t\t\t\t\t\t\t\t\t\t\t\t\t\t\t\t<div class=\"overlay--center\">\n\t\t\t\t\t\t\t\t\t\t<span>Lire plus<\/span>\n\t\t\t\t\t\t\t\t\t<\/div>\n\t\t\t\t\t\t\t\t\t\t\t\t\t\t\t<\/div>\n\t\t\t\t\t\t<\/a>\n\t\t\t\t\t<\/div>\n\t\t\t\t\t\t\t\t<div class=\"featured-page--content\">\n\t\t\t\t\t<h4 class=\"featued-page--title\">\n\t\t\t\t\t\t<a href=\"https:\/\/www.physioandcs.be\/index.php\/services\/bien-etre\/\">Bien-\u00eatre<\/a>\n\t\t\t\t\t<\/h4>\n\t\t\t\t\t\t\t\t\t\t\t<p>La vie de tous les jours peut parfois \u00eatre \u00e9prouvante pour notre corps, il est donc n\u00e9cessaire de pouvoir se cr\u00e9er des bulles de bien-\u00eatre. Massage relaxant, massage tonifiant,...<\/p>\n\t\t\t\t\t\t\t\t\t\t\t\t\t<a href=\"https:\/\/www.physioandcs.be\/index.php\/services\/bien-etre\/\" class=\"text-link\">Lire plus<\/a>\n\t\t\t\t\t\t\t\t\t\t\t\t\t\t\t<\/div>\n\t\t\t<\/div>\n\n\t\t\t<\/div><\/div><\/div><div id=\"pg-55-2\"  class=\"panel-grid panel-no-style\" ><div id=\"pgc-55-2-0\"  class=\"panel-grid-cell\" ><div id=\"panel-55-2-0-0\" class=\"so-panel widget widget_qt_team_member widget-team-member panel-first-child panel-last-child\" data-index=\"5\" >\n\t\t\t<div class=\"team-member\">\n\t\t\t\t\t\t\t\t\t<div class=\"team-member--image\">\n\t\t\t\t\t\t<img src=\"https:\/\/www.physioandcs.be\/wp-content\/uploads\/2020\/01\/Shaena-scaled.jpg\" alt=\"Shaena Guisse\">\n\t\t\t\t\t\t<div class=\"team-member--social\">\n\t\t\t\t\t\t\t<div class=\"overlay--center\">\n\t\t\t\t\t\t\t\t\t\t\t\t\t\t\t\t\t<a href=\"http:\/\/www.facebook.com\/shaena.guisse\" target=\"_blank\"><i class=\"fab fa-facebook-f\"><\/i><\/a>\n\t\t\t\t\t\t\t\t\t\t\t\t\t\t\t\t\t\t\t\t\t\t\t\t\t\t\t\t\t\t\t\t\t<a href=\"https:\/\/www.linkedin.com\/in\/shaena-guisse-013752194\/\" target=\"_blank\"><i class=\"fab fa-linkedin\"><\/i><\/a>\n\t\t\t\t\t\t\t\t\t\t\t\t\t\t\t\t\t\t\t\t\t\t\t\t\t<a href=\"https:\/\/www.instagram.com\/physio_andcs\/?hl=fr\" target=\"_blank\"><i class=\"fab fa-instagram\"><\/i><\/a>\n\t\t\t\t\t\t\t\t\t\t\t\t\t\t\t\t\t\t\t\t\t\t\t\t\t<a href=\"mailto:shaena.guisse@mimaandcs.be\"><i class=\"fas fa-envelope\"><\/i><\/a>\n\t\t\t\t\t\t\t\t\t\t\t\t\t\t\t<\/div>\n\t\t\t\t\t\t<\/div>\n\t\t\t\t\t<\/div>\n\t\t\t\t\t\t\t\t<div class=\"team-member--content\">\n\t\t\t\t\t<h4 class=\"team-member--name\">\n\t\t\t\t\t\t\t\t\t\t\t\tShaena Guisse\t\t\t\t\t\t\t\t\t\t\t<\/h4>\n\t\t\t\t\t\t\t\t\t\t\t<span class=\"team-member--tag\">Kin\u00e9sith\u00e9rapeute<\/span>\n\t\t\t\t\t\t\t\t\t\t\t\t\t\t\t\t<p class=\"team-member--description\">Kin\u00e9sith\u00e9rapeute dipl\u00f4m\u00e9 (Master en kin\u00e9 et r\u00e9adaptation) \u00e0 l\u2019ISEK, HE2B<\/p>\n\t\t\t\t\t\t\t\t\t\t\t\t\t\t<\/div>\n\t\t\t<\/div>\n\n\t\t\t<\/div><\/div><div id=\"pgc-55-2-1\"  class=\"panel-grid-cell\" ><div id=\"panel-55-2-1-0\" class=\"so-panel widget widget_sow-editor panel-first-child\" data-index=\"6\" ><div\n\t\t\t\n\t\t\tclass=\"so-widget-sow-editor so-widget-sow-editor-base\"\n\t\t\t\n\t\t><h3 class=\"widget-title\">Derni\u00e8res nouvelles<\/h3>\n<div class=\"siteorigin-widget-tinymce textwidget\">\n\t<\/div>\n<\/div><\/div><div id=\"panel-55-2-1-1\" class=\"so-panel widget widget_qt_recent_posts_block widget_post_block panel-last-child\" data-index=\"7\" >\n\t\t\t<div class=\"news-posts-block\">\n\n\t\t\t\t\n\t\t\t\t<div class=\"row\">\n\t\t\t\t\t\t\t\t\t\t\t\t\t\t<\/div>\n\t\t\t<\/div>\n\n\t\t\t<\/div><\/div><\/div><div id=\"pg-55-3\"  class=\"panel-grid panel-has-style\" ><div class=\"siteorigin-panels-stretch panel-row-style panel-row-style-for-55-3\" data-stretch-type=\"full-stretched\" ><div id=\"pgc-55-3-0\"  class=\"panel-grid-cell\" ><div id=\"panel-55-3-0-0\" class=\"so-panel widget widget_qt_google_map_iframe widget-google-map-iframe panel-first-child panel-last-child\" data-index=\"8\" >\n\t    \t<div class=\"qt-map-iframe\">\n\t\t\t\t<iframe frameborder=\"0\" src=\"https:\/\/maps.google.com\/maps?f=q&source=s_q&hl=en&geocode=&q=Braine-l&#039;Alleud&z=12&output=embed\" width=\"100%\" height=\"370px;\"><\/iframe>\n\t\t\t<\/div>\n\t\t\t\t\n\t\t\t<\/div><\/div><\/div><\/div><\/div>","protected":false},"excerpt":{"rendered":"<p>Kin\u00e9sith\u00e9rapie, Coaching, bien-\u00eatre<\/p>\n","protected":false},"author":1,"featured_media":0,"parent":0,"menu_order":0,"comment_status":"closed","ping_status":"closed","template":"template-front-jumbtron.php","meta":{"_mi_skip_tracking":false,"_monsterinsights_sitenote_active":false,"_monsterinsights_sitenote_note":"","_monsterinsights_sitenote_category":0,"footnotes":""},"aioseo_notices":[],"_links":{"self":[{"href":"https:\/\/www.physioandcs.be\/index.php\/wp-json\/wp\/v2\/pages\/55"}],"collection":[{"href":"https:\/\/www.physioandcs.be\/index.php\/wp-json\/wp\/v2\/pages"}],"about":[{"href":"https:\/\/www.physioandcs.be\/index.php\/wp-json\/wp\/v2\/types\/page"}],"author":[{"embeddable":true,"href":"https:\/\/www.physioandcs.be\/index.php\/wp-json\/wp\/v2\/users\/1"}],"replies":[{"embeddable":true,"href":"https:\/\/www.physioandcs.be\/index.php\/wp-json\/wp\/v2\/comments?post=55"}],"version-history":[{"count":97,"href":"https:\/\/www.physioandcs.be\/index.php\/wp-json\/wp\/v2\/pages\/55\/revisions"}],"predecessor-version":[{"id":8181,"href":"https:\/\/www.physioandcs.be\/index.php\/wp-json\/wp\/v2\/pages\/55\/revisions\/8181"}],"wp:attachment":[{"href":"https:\/\/www.physioandcs.be\/index.php\/wp-json\/wp\/v2\/media?parent=55"}],"curies":[{"name":"wp","href":"https:\/\/api.w.org\/{rel}","templated":true}]}}