{"id":6266,"date":"2015-12-21T19:42:46","date_gmt":"2015-12-21T19:42:46","guid":{"rendered":"http:\/\/export-xml.qreativethemes.com\/physio\/?page_id=6266"},"modified":"2021-03-27T19:17:27","modified_gmt":"2021-03-27T18:17:27","slug":"coaching","status":"publish","type":"page","link":"https:\/\/www.physioandcs.be\/index.php\/services\/coaching\/","title":{"rendered":"Coaching"},"content":{"rendered":"<div id=\"pl-6266\"  class=\"panel-layout\" ><div id=\"pg-6266-0\"  class=\"panel-grid panel-no-style\" ><div id=\"pgc-6266-0-0\"  class=\"panel-grid-cell\" ><div id=\"panel-6266-0-0-0\" class=\"so-panel widget widget_sow-editor panel-first-child panel-last-child\" data-index=\"0\" ><div\n\t\t\t\n\t\t\tclass=\"so-widget-sow-editor so-widget-sow-editor-base\"\n\t\t\t\n\t\t>\n<div class=\"siteorigin-widget-tinymce textwidget\">\n\t<p>Mon exp\u00e9rience d\u2019athl\u00e8te, d\u2019entra\u00eeneur et enfin de joueuse de rugby m\u2019a permis de d\u00e9velopper un \u0153il aiguis\u00e9 en coaching. Active dans le suivi d\u2019athl\u00e8tes de tous niveaux, mais \u00e9galement de tr\u00e8s haut niveau, me donne l\u2019occasion de r\u00e9aliser un suivi sur mesure. Que vous cherchiez \u00e0 retrouver ou garder la forme ou \u00e0 performer, le programme de coaching r\u00e9pondra \u00e0 vos attentes.<\/p>\n<hr \/>\n<\/div>\n<\/div><\/div><\/div><\/div><div id=\"pg-6266-1\"  class=\"panel-grid panel-no-style\" ><div id=\"pgc-6266-1-0\"  class=\"panel-grid-cell\" ><div id=\"panel-6266-1-0-0\" class=\"so-panel widget widget_sow-editor panel-first-child\" data-index=\"1\" ><div\n\t\t\t\n\t\t\tclass=\"so-widget-sow-editor so-widget-sow-editor-base\"\n\t\t\t\n\t\t>\n<div class=\"siteorigin-widget-tinymce textwidget\">\n\t<p><img decoding=\"async\" loading=\"lazy\" class=\"alignnone size-medium wp-image-7931\" src=\"http:\/\/www.physioandcs.be\/wp-content\/uploads\/2020\/10\/tempImageICBLxN-225x300.jpg\" alt=\"\" width=\"225\" height=\"300\" srcset=\"https:\/\/www.physioandcs.be\/wp-content\/uploads\/2020\/10\/tempImageICBLxN-225x300.jpg 225w, https:\/\/www.physioandcs.be\/wp-content\/uploads\/2020\/10\/tempImageICBLxN-768x1024.jpg 768w, https:\/\/www.physioandcs.be\/wp-content\/uploads\/2020\/10\/tempImageICBLxN-1152x1536.jpg 1152w, https:\/\/www.physioandcs.be\/wp-content\/uploads\/2020\/10\/tempImageICBLxN-1536x2048.jpg 1536w, https:\/\/www.physioandcs.be\/wp-content\/uploads\/2020\/10\/tempImageICBLxN-600x800.jpg 600w, https:\/\/www.physioandcs.be\/wp-content\/uploads\/2020\/10\/tempImageICBLxN-scaled.jpg 1920w\" sizes=\"(max-width: 225px) 100vw, 225px\" \/><\/p>\n<\/div>\n<\/div><\/div><div id=\"panel-6266-1-0-1\" class=\"so-panel widget widget_sow-editor panel-last-child\" data-index=\"2\" ><div\n\t\t\t\n\t\t\tclass=\"so-widget-sow-editor so-widget-sow-editor-base\"\n\t\t\t\n\t\t>\n<div class=\"siteorigin-widget-tinymce textwidget\">\n\t<p><img decoding=\"async\" loading=\"lazy\" class=\"alignnone size-medium wp-image-7933\" src=\"http:\/\/www.physioandcs.be\/wp-content\/uploads\/2020\/10\/tempImageb1jdm5-225x300.jpg\" alt=\"\" width=\"225\" height=\"300\" srcset=\"https:\/\/www.physioandcs.be\/wp-content\/uploads\/2020\/10\/tempImageb1jdm5-225x300.jpg 225w, https:\/\/www.physioandcs.be\/wp-content\/uploads\/2020\/10\/tempImageb1jdm5-768x1024.jpg 768w, https:\/\/www.physioandcs.be\/wp-content\/uploads\/2020\/10\/tempImageb1jdm5-1152x1536.jpg 1152w, https:\/\/www.physioandcs.be\/wp-content\/uploads\/2020\/10\/tempImageb1jdm5-1536x2048.jpg 1536w, https:\/\/www.physioandcs.be\/wp-content\/uploads\/2020\/10\/tempImageb1jdm5-600x800.jpg 600w, https:\/\/www.physioandcs.be\/wp-content\/uploads\/2020\/10\/tempImageb1jdm5-scaled.jpg 1920w\" sizes=\"(max-width: 225px) 100vw, 225px\" \/><\/p>\n<\/div>\n<\/div><\/div><\/div><div id=\"pgc-6266-1-1\"  class=\"panel-grid-cell\" ><div id=\"panel-6266-1-1-0\" class=\"so-panel widget widget_sow-editor panel-first-child\" data-index=\"3\" ><div\n\t\t\t\n\t\t\tclass=\"so-widget-sow-editor so-widget-sow-editor-base\"\n\t\t\t\n\t\t>\n<div class=\"siteorigin-widget-tinymce textwidget\">\n\t<p><img decoding=\"async\" loading=\"lazy\" class=\"alignnone size-medium wp-image-7932\" src=\"http:\/\/www.physioandcs.be\/wp-content\/uploads\/2020\/10\/tempImagee7D6CV-225x300.jpg\" alt=\"\" width=\"225\" height=\"300\" srcset=\"https:\/\/www.physioandcs.be\/wp-content\/uploads\/2020\/10\/tempImagee7D6CV-225x300.jpg 225w, https:\/\/www.physioandcs.be\/wp-content\/uploads\/2020\/10\/tempImagee7D6CV-768x1024.jpg 768w, https:\/\/www.physioandcs.be\/wp-content\/uploads\/2020\/10\/tempImagee7D6CV-1152x1536.jpg 1152w, https:\/\/www.physioandcs.be\/wp-content\/uploads\/2020\/10\/tempImagee7D6CV-1536x2048.jpg 1536w, https:\/\/www.physioandcs.be\/wp-content\/uploads\/2020\/10\/tempImagee7D6CV-600x800.jpg 600w, https:\/\/www.physioandcs.be\/wp-content\/uploads\/2020\/10\/tempImagee7D6CV-scaled.jpg 1920w\" sizes=\"(max-width: 225px) 100vw, 225px\" \/><\/p>\n<\/div>\n<\/div><\/div><div id=\"panel-6266-1-1-1\" class=\"so-panel widget widget_sow-editor panel-last-child\" data-index=\"4\" ><div\n\t\t\t\n\t\t\tclass=\"so-widget-sow-editor so-widget-sow-editor-base\"\n\t\t\t\n\t\t>\n<div class=\"siteorigin-widget-tinymce textwidget\">\n\t<p><img decoding=\"async\" loading=\"lazy\" class=\"alignnone size-medium wp-image-7936\" src=\"http:\/\/www.physioandcs.be\/wp-content\/uploads\/2020\/10\/IMG_1243-201x300.jpg\" alt=\"\" width=\"201\" height=\"300\" srcset=\"https:\/\/www.physioandcs.be\/wp-content\/uploads\/2020\/10\/IMG_1243-201x300.jpg 201w, https:\/\/www.physioandcs.be\/wp-content\/uploads\/2020\/10\/IMG_1243-684x1024.jpg 684w, https:\/\/www.physioandcs.be\/wp-content\/uploads\/2020\/10\/IMG_1243-768x1149.jpg 768w, https:\/\/www.physioandcs.be\/wp-content\/uploads\/2020\/10\/IMG_1243-600x898.jpg 600w, https:\/\/www.physioandcs.be\/wp-content\/uploads\/2020\/10\/IMG_1243.jpg 790w\" sizes=\"(max-width: 201px) 100vw, 201px\" \/><\/p>\n<\/div>\n<\/div><\/div><\/div><\/div><\/div>","protected":false},"excerpt":{"rendered":"<p>Mon exp\u00e9rience d\u2019athl\u00e8te, d\u2019entra\u00eeneur et enfin de joueuse de rugby m\u2019a permis de d\u00e9velopper un \u0153il aiguis\u00e9 en coaching&#8230;<\/p>\n","protected":false},"author":1,"featured_media":7935,"parent":110,"menu_order":0,"comment_status":"closed","ping_status":"closed","template":"","meta":{"_mi_skip_tracking":false,"_monsterinsights_sitenote_active":false,"_monsterinsights_sitenote_note":"","_monsterinsights_sitenote_category":0,"footnotes":""},"aioseo_notices":[],"_links":{"self":[{"href":"https:\/\/www.physioandcs.be\/index.php\/wp-json\/wp\/v2\/pages\/6266"}],"collection":[{"href":"https:\/\/www.physioandcs.be\/index.php\/wp-json\/wp\/v2\/pages"}],"about":[{"href":"https:\/\/www.physioandcs.be\/index.php\/wp-json\/wp\/v2\/types\/page"}],"author":[{"embeddable":true,"href":"https:\/\/www.physioandcs.be\/index.php\/wp-json\/wp\/v2\/users\/1"}],"replies":[{"embeddable":true,"href":"https:\/\/www.physioandcs.be\/index.php\/wp-json\/wp\/v2\/comments?post=6266"}],"version-history":[{"count":8,"href":"https:\/\/www.physioandcs.be\/index.php\/wp-json\/wp\/v2\/pages\/6266\/revisions"}],"predecessor-version":[{"id":8036,"href":"https:\/\/www.physioandcs.be\/index.php\/wp-json\/wp\/v2\/pages\/6266\/revisions\/8036"}],"up":[{"embeddable":true,"href":"https:\/\/www.physioandcs.be\/index.php\/wp-json\/wp\/v2\/pages\/110"}],"wp:featuredmedia":[{"embeddable":true,"href":"https:\/\/www.physioandcs.be\/index.php\/wp-json\/wp\/v2\/media\/7935"}],"wp:attachment":[{"href":"https:\/\/www.physioandcs.be\/index.php\/wp-json\/wp\/v2\/media?parent=6266"}],"curies":[{"name":"wp","href":"https:\/\/api.w.org\/{rel}","templated":true}]}}