{"id":6397,"date":"2015-12-28T20:04:19","date_gmt":"2015-12-28T20:04:19","guid":{"rendered":"http:\/\/export-xml.qreativethemes.com\/physio\/?page_id=6397"},"modified":"2021-03-28T19:34:45","modified_gmt":"2021-03-28T17:34:45","slug":"bien-etre","status":"publish","type":"page","link":"https:\/\/www.physioandcs.be\/index.php\/services\/bien-etre\/","title":{"rendered":"Bien-\u00eatre"},"content":{"rendered":"<div id=\"pl-6397\"  class=\"panel-layout\" ><div id=\"pg-6397-0\"  class=\"panel-grid panel-no-style\" ><div id=\"pgc-6397-0-0\"  class=\"panel-grid-cell\" ><div id=\"panel-6397-0-0-0\" class=\"so-panel widget widget_sow-image panel-first-child panel-last-child\" data-index=\"0\" ><div\n\t\t\t\n\t\t\tclass=\"so-widget-sow-image so-widget-sow-image-default-8b5b6f678277-6397\"\n\t\t\t\n\t\t>\n\n<div class=\"sow-image-container\">\n\t\t<img src=\"https:\/\/www.physioandcs.be\/wp-content\/uploads\/2021\/03\/Zen.jpg\" width=\"850\" height=\"567\" srcset=\"https:\/\/www.physioandcs.be\/wp-content\/uploads\/2021\/03\/Zen.jpg 850w, https:\/\/www.physioandcs.be\/wp-content\/uploads\/2021\/03\/Zen-300x200.jpg 300w, https:\/\/www.physioandcs.be\/wp-content\/uploads\/2021\/03\/Zen-768x512.jpg 768w, https:\/\/www.physioandcs.be\/wp-content\/uploads\/2021\/03\/Zen-360x240.jpg 360w, https:\/\/www.physioandcs.be\/wp-content\/uploads\/2021\/03\/Zen-600x400.jpg 600w, https:\/\/www.physioandcs.be\/wp-content\/uploads\/2021\/03\/Zen-272x182.jpg 272w\" sizes=\"(max-width: 850px) 100vw, 850px\" alt=\"\" loading=\"lazy\" \t\tclass=\"so-widget-image\"\/>\n\t<\/div>\n\n<\/div><\/div><\/div><div id=\"pgc-6397-0-1\"  class=\"panel-grid-cell\" ><div id=\"panel-6397-0-1-0\" class=\"so-panel widget widget_sow-editor panel-first-child panel-last-child\" data-index=\"1\" ><div\n\t\t\t\n\t\t\tclass=\"so-widget-sow-editor so-widget-sow-editor-base\"\n\t\t\t\n\t\t>\n<div class=\"siteorigin-widget-tinymce textwidget\">\n\t<p>La vie de tous les jours peut parfois \u00eatre \u00e9prouvante pour notre corps, il est donc n\u00e9cessaire de pouvoir se cr\u00e9er des bulles de bien-\u00eatre. Massage relaxant, massage tonifiant, accordez-vous des moments de pause o\u00f9 vous prendrez soin de vous.<\/p>\n<\/div>\n<\/div><\/div><\/div><\/div><div id=\"pg-6397-1\"  class=\"panel-grid panel-no-style\" ><div id=\"pgc-6397-1-0\"  class=\"panel-grid-cell panel-grid-cell-empty panel-grid-cell-mobile-last\" ><\/div><div id=\"pgc-6397-1-1\"  class=\"panel-grid-cell panel-grid-cell-empty\" ><\/div><\/div><\/div>","protected":false},"excerpt":{"rendered":"<p>La vie de tous les jours peut parfois \u00eatre \u00e9prouvante pour notre corps, il est donc n\u00e9cessaire de pouvoir se cr\u00e9er des bulles de bien-\u00eatre. Massage relaxant, massage tonifiant, accordez-vous des moments de pause o\u00f9 vous prendrez soin de vous&#8230;<\/p>\n","protected":false},"author":1,"featured_media":8078,"parent":110,"menu_order":0,"comment_status":"closed","ping_status":"closed","template":"","meta":{"_mi_skip_tracking":false,"_monsterinsights_sitenote_active":false,"_monsterinsights_sitenote_note":"","_monsterinsights_sitenote_category":0,"footnotes":""},"aioseo_notices":[],"_links":{"self":[{"href":"https:\/\/www.physioandcs.be\/index.php\/wp-json\/wp\/v2\/pages\/6397"}],"collection":[{"href":"https:\/\/www.physioandcs.be\/index.php\/wp-json\/wp\/v2\/pages"}],"about":[{"href":"https:\/\/www.physioandcs.be\/index.php\/wp-json\/wp\/v2\/types\/page"}],"author":[{"embeddable":true,"href":"https:\/\/www.physioandcs.be\/index.php\/wp-json\/wp\/v2\/users\/1"}],"replies":[{"embeddable":true,"href":"https:\/\/www.physioandcs.be\/index.php\/wp-json\/wp\/v2\/comments?post=6397"}],"version-history":[{"count":11,"href":"https:\/\/www.physioandcs.be\/index.php\/wp-json\/wp\/v2\/pages\/6397\/revisions"}],"predecessor-version":[{"id":8082,"href":"https:\/\/www.physioandcs.be\/index.php\/wp-json\/wp\/v2\/pages\/6397\/revisions\/8082"}],"up":[{"embeddable":true,"href":"https:\/\/www.physioandcs.be\/index.php\/wp-json\/wp\/v2\/pages\/110"}],"wp:featuredmedia":[{"embeddable":true,"href":"https:\/\/www.physioandcs.be\/index.php\/wp-json\/wp\/v2\/media\/8078"}],"wp:attachment":[{"href":"https:\/\/www.physioandcs.be\/index.php\/wp-json\/wp\/v2\/media?parent=6397"}],"curies":[{"name":"wp","href":"https:\/\/api.w.org\/{rel}","templated":true}]}}